{"id":21343,"date":"2023-06-26T11:42:13","date_gmt":"2023-06-26T04:42:13","guid":{"rendered":"http:\/\/l-vibes.pl\/?page_id=21343"},"modified":"2024-11-19T02:44:13","modified_gmt":"2024-11-19T01:44:13","slug":"fashion-modern-3","status":"publish","type":"page","link":"https:\/\/l-vibes.pl\/en\/","title":{"rendered":"L Vibes"},"content":{"rendered":"\t\t<div data-elementor-type=\"wp-page\" data-elementor-id=\"21343\" class=\"elementor elementor-21343\">\n\t\t\t\t<div class=\"elementor-element elementor-element-35ac7be e-con-full e-flex e-con e-parent\" data-id=\"35ac7be\" data-element_type=\"container\" data-e-type=\"container\">\n\t\t\t\t<div class=\"elementor-element elementor-element-62e02f9 elementor-widget elementor-widget-slider_revolution\" data-id=\"62e02f9\" data-element_type=\"widget\" data-e-type=\"widget\" data-widget_type=\"slider_revolution.default\">\n\t\t\t\t<div class=\"elementor-widget-container\">\n\t\t\t\t\t\n\t\t<div class=\"wp-block-themepunch-revslider\">\n\t\t\t\t<p class=\"rs-p-wp-fix\"><\/p>\n\t\t\t\t<sr7-module data-alias=\"fashion-modern-3\" data-id=\"4\" id=\"SR7_4_1\" data-version=\"6.7.37\">\n\t\t\t\t\t<sr7-adjuster><\/sr7-adjuster>\n\t\t\t\t\t<sr7-content>\n\t\t\t\t\t\t<sr7-slide id=\"SR7_4_1-10\" data-key=\"10\">\n\t\t\t\t\t\t\t<sr7-bg id=\"SR7_4_1-10-slidebg\" class=\"sr7-layer\"><noscript><img decoding=\"async\" src=\"https:\/\/l-vibes.pl\/wp-content\/uploads\/2024\/08\/2.png\" alt=\"\" title=\"2\"><\/noscript><\/sr7-bg>\n\t\t\t\t\t\t\t<a id=\"SR7_4_1-10-4\" class=\"sr7-layer\" href=\"https:\/\/l-vibes.pl\/sklep\" target=\"_blank\" rel=\"noopener\">SPRAWD\u0179<\/a>\n\t\t\t\t\t\t\t<sr7-txt id=\"SR7_4_1-10-12\" class=\"sr7-layer\">Nowa Kolekcja<\/sr7-txt>\n\t\t\t\t\t\t<\/sr7-slide>\n\t\t\t\t\t\t<sr7-slide id=\"SR7_4_1-11\" data-key=\"11\">\n\t\t\t\t\t\t\t<sr7-bg id=\"SR7_4_1-11-slidebg\" class=\"sr7-layer\"><noscript><img decoding=\"async\" src=\"https:\/\/l-vibes.pl\/wp-content\/uploads\/2024\/08\/Untitled-design-1.png\" alt=\"\" title=\"Untitled design (1)\"><\/noscript><\/sr7-bg>\n\t\t\t\t\t\t\t<a id=\"SR7_4_1-11-6\" class=\"sr7-layer\" href=\"https:\/\/l-vibes.pl\/wyjazdy\/\" target=\"_self\">TERMINY<\/a>\n\t\t\t\t\t\t\t<sr7-txt id=\"SR7_4_1-11-8\" class=\"sr7-layer\">Jed\u017a z Nami<br \/>\nna wyjazd<\/sr7-txt>\n\t\t\t\t\t\t<\/sr7-slide>\n\t\t\t\t\t\t<sr7-slide id=\"SR7_4_1-22\" data-key=\"22\">\n\t\t\t\t\t\t<\/sr7-slide>\n\t\t\t\t\t<\/sr7-content>\n\t\t\t\t<\/sr7-module>\n\t\t\t\t<script>\n\t\t\t\t\tSR7.PMH ??={}; SR7.PMH[\"SR7_4_1\"] = {cn:100,state:false,fn: function() { if (_tpt!==undefined && _tpt.prepareModuleHeight !== undefined) {  _tpt.prepareModuleHeight({id:\"SR7_4_1\",el:[900,530,440,480],type:'standard',shdw:'0',gh:[900,530,440,480],gw:[1800,1024,778,375],vpt:['-200px'],size:{fullWidth:false, fullHeight:false},mh:'0',onh:0,onw:0,bg:{color:'#000000'},plType:'7',plColor:'#000000'});   SR7.PMH[\"SR7_4_1\"].state=true;} else if(SR7.PMH[\"SR7_4_1\"].cn-->0)\tsetTimeout( SR7.PMH[\"SR7_4_1\"].fn,19);}};SR7.PMH[\"SR7_4_1\" ].fn();\n\t\t\t\t<\/script>\n<\/div>\n\n\t\t\t\t\t\t<\/div>\n\t\t\t\t<\/div>\n\t\t\t\t<\/div>\n\t\t<div class=\"elementor-element elementor-element-1fe5c62 e-flex e-con-boxed e-con e-parent\" data-id=\"1fe5c62\" data-element_type=\"container\" data-e-type=\"container\">\n\t\t\t\t\t<div class=\"e-con-inner\">\n\t\t<div class=\"elementor-element elementor-element-8511050 e-con-full e-flex e-con e-child\" data-id=\"8511050\" data-element_type=\"container\" data-e-type=\"container\">\n\t\t\t\t<div class=\"elementor-element elementor-element-d40e3ea elementor-widget elementor-widget-ts-banner\" data-id=\"d40e3ea\" data-element_type=\"widget\" data-e-type=\"widget\" data-widget_type=\"ts-banner.default\">\n\t\t\t\t<div class=\"elementor-widget-container\">\n\t\t\t\t\t\t\t<div class=\"ts-banner text-left eff-image eff-scale center-bottom style-simple  button-default\" >\n\t\t\t<div class=\"banner-wrapper\">\n\t\t\t\n\t\t\t\t\t\t\t\t\n\t\t\t\t<div class=\"background-overlay\"><\/div>\n\t\t\t\t\t\t\t\n\t\t\t\t<div class=\"banner-bg\">\n\t\t\t\t<img loading=\"lazy\" decoding=\"async\" width=\"451\" height=\"343\" src=\"https:\/\/l-vibes.pl\/wp-content\/uploads\/2024\/08\/1.jpg\" class=\"bg-image bg-image main-banner\" alt=\"\" loading=\"lazy\" srcset=\"https:\/\/l-vibes.pl\/wp-content\/uploads\/2024\/08\/1.jpg 451w, https:\/\/l-vibes.pl\/wp-content\/uploads\/2024\/08\/1-300x228.jpg 300w, https:\/\/l-vibes.pl\/wp-content\/uploads\/2024\/08\/1-340x259.jpg 340w\" sizes=\"auto, (max-width: 451px) 100vw, 451px\" \/>\t\t\t\t<\/div>\n\t\t\t\t\t\t\t\n\t\t\t\t<div class=\"box-content\">\n\t\t\t\t\t<div class=\"header-content\">\n\t\t\t\t\t\t\n\t\t\t\t\t\t\t\t\t\t\t\t\n\t\t\t\t\t\t\t\t\t\t\t\t<h2>Sklep<\/h2>\n\t\t\t\t\t\t\t\t\t\t\t\t\n\t\t\t\t\t\t\t\t\t\t\t\t\n\t\t\t\t\t\t\t\t\t\t\t\t\n\t\t\t\t\t\t\t\t\t\t\t\t\n\t\t\t\t\t\t\t\t\t\t\t\t\n\t\t\t\t\t\t\t\t\t\t\t\t<div class=\"ts-banner-button\">\n\t\t\t\t\t\t\n\t\t\t\t\t\t\t\t\t\t\t\t\t\t<a class=\"button\" href=\"https:\/\/l-vibes.pl\/sklep\/\"  rel=\"nofollow\">\n\t\t\t\t\t\t\t\tKup teraz\t\t\t\t\t\t\t<\/a>\n\t\t\t\t\t\t\t\t\t\t\t\t\t\t\n\t\t\t\t\t\t\t\t\t\t\t\t\t\t\n\t\t\t\t\t\t<\/div>\n\t\t\t\t\t\t\t\t\t\t\t\t\n\t\t\t\t\t<\/div>\n\t\t\t\t<\/div>\n\t\t\t\t\n\t\t\t<\/div>\n\t\t<\/div>\n\t\t\t\t\t\t<\/div>\n\t\t\t\t<\/div>\n\t\t\t\t<\/div>\n\t\t<div class=\"elementor-element elementor-element-623a99f e-con-full e-flex e-con e-child\" data-id=\"623a99f\" data-element_type=\"container\" data-e-type=\"container\">\n\t\t\t\t<div class=\"elementor-element elementor-element-8ba505b elementor-widget elementor-widget-ts-banner\" data-id=\"8ba505b\" data-element_type=\"widget\" data-e-type=\"widget\" data-widget_type=\"ts-banner.default\">\n\t\t\t\t<div class=\"elementor-widget-container\">\n\t\t\t\t\t\t\t<div class=\"ts-banner text-left eff-image eff-scale center-bottom style-simple  button-default\" >\n\t\t\t<div class=\"banner-wrapper\">\n\t\t\t\n\t\t\t\t\t\t\t\t\n\t\t\t\t<div class=\"background-overlay\"><\/div>\n\t\t\t\t\t\t\t\n\t\t\t\t<div class=\"banner-bg\">\n\t\t\t\t<img loading=\"lazy\" decoding=\"async\" width=\"1914\" height=\"1445\" src=\"https:\/\/l-vibes.pl\/wp-content\/uploads\/2024\/08\/IMG_0283-scaled-e1724269402762.jpg\" class=\"bg-image bg-image main-banner\" alt=\"\" loading=\"lazy\" srcset=\"https:\/\/l-vibes.pl\/wp-content\/uploads\/2024\/08\/IMG_0283-scaled-e1724269402762.jpg 1914w, https:\/\/l-vibes.pl\/wp-content\/uploads\/2024\/08\/IMG_0283-scaled-e1724269402762-1000x755.jpg 1000w, https:\/\/l-vibes.pl\/wp-content\/uploads\/2024\/08\/IMG_0283-scaled-e1724269402762-300x226.jpg 300w, https:\/\/l-vibes.pl\/wp-content\/uploads\/2024\/08\/IMG_0283-scaled-e1724269402762-1024x773.jpg 1024w, https:\/\/l-vibes.pl\/wp-content\/uploads\/2024\/08\/IMG_0283-scaled-e1724269402762-768x580.jpg 768w, https:\/\/l-vibes.pl\/wp-content\/uploads\/2024\/08\/IMG_0283-scaled-e1724269402762-340x257.jpg 340w, https:\/\/l-vibes.pl\/wp-content\/uploads\/2024\/08\/IMG_0283-scaled-e1724269402762-1536x1160.jpg 1536w, https:\/\/l-vibes.pl\/wp-content\/uploads\/2024\/08\/IMG_0283-scaled-e1724269402762-1300x981.jpg 1300w\" sizes=\"auto, (max-width: 1914px) 100vw, 1914px\" \/>\t\t\t\t<\/div>\n\t\t\t\t\t\t\t\n\t\t\t\t<div class=\"box-content\">\n\t\t\t\t\t<div class=\"header-content\">\n\t\t\t\t\t\t\n\t\t\t\t\t\t\t\t\t\t\t\t\n\t\t\t\t\t\t\t\t\t\t\t\t<h2>Wyjazdy<\/h2>\n\t\t\t\t\t\t\t\t\t\t\t\t\n\t\t\t\t\t\t\t\t\t\t\t\t\n\t\t\t\t\t\t\t\t\t\t\t\t\n\t\t\t\t\t\t\t\t\t\t\t\t\n\t\t\t\t\t\t\t\t\t\t\t\t\n\t\t\t\t\t\t\t\t\t\t\t\t<div class=\"ts-banner-button\">\n\t\t\t\t\t\t\n\t\t\t\t\t\t\t\t\t\t\t\t\t\t<a class=\"button\" href=\"https:\/\/l-vibes.pl\/wyjazdy\/\"  rel=\"nofollow\">\n\t\t\t\t\t\t\t\tSprawd\u017a terminy\t\t\t\t\t\t\t<\/a>\n\t\t\t\t\t\t\t\t\t\t\t\t\t\t\n\t\t\t\t\t\t\t\t\t\t\t\t\t\t\n\t\t\t\t\t\t<\/div>\n\t\t\t\t\t\t\t\t\t\t\t\t\n\t\t\t\t\t<\/div>\n\t\t\t\t<\/div>\n\t\t\t\t\n\t\t\t<\/div>\n\t\t<\/div>\n\t\t\t\t\t\t<\/div>\n\t\t\t\t<\/div>\n\t\t\t\t<\/div>\n\t\t<div class=\"elementor-element elementor-element-77e7672 e-con-full e-flex e-con e-child\" data-id=\"77e7672\" data-element_type=\"container\" data-e-type=\"container\">\n\t\t\t\t<div class=\"elementor-element elementor-element-cdb939c elementor-widget elementor-widget-ts-banner\" data-id=\"cdb939c\" data-element_type=\"widget\" data-e-type=\"widget\" data-widget_type=\"ts-banner.default\">\n\t\t\t\t<div class=\"elementor-widget-container\">\n\t\t\t\t\t\t\t<div class=\"ts-banner text-left eff-image eff-scale left-bottom style-simple  button-default\" >\n\t\t\t<div class=\"banner-wrapper\">\n\t\t\t\n\t\t\t\t\t\t\t\t\n\t\t\t\t<div class=\"background-overlay\"><\/div>\n\t\t\t\t\t\t\t\n\t\t\t\t<div class=\"banner-bg\">\n\t\t\t\t<img loading=\"lazy\" decoding=\"async\" width=\"1706\" height=\"1288\" src=\"https:\/\/l-vibes.pl\/wp-content\/uploads\/2024\/08\/IMG_0921-scaled-e1724270610501.jpg\" class=\"bg-image bg-image main-banner\" alt=\"\" loading=\"lazy\" srcset=\"https:\/\/l-vibes.pl\/wp-content\/uploads\/2024\/08\/IMG_0921-scaled-e1724270610501.jpg 1706w, https:\/\/l-vibes.pl\/wp-content\/uploads\/2024\/08\/IMG_0921-scaled-e1724270610501-1000x755.jpg 1000w, https:\/\/l-vibes.pl\/wp-content\/uploads\/2024\/08\/IMG_0921-scaled-e1724270610501-300x226.jpg 300w, https:\/\/l-vibes.pl\/wp-content\/uploads\/2024\/08\/IMG_0921-scaled-e1724270610501-1024x773.jpg 1024w, https:\/\/l-vibes.pl\/wp-content\/uploads\/2024\/08\/IMG_0921-scaled-e1724270610501-768x580.jpg 768w, https:\/\/l-vibes.pl\/wp-content\/uploads\/2024\/08\/IMG_0921-scaled-e1724270610501-340x257.jpg 340w, https:\/\/l-vibes.pl\/wp-content\/uploads\/2024\/08\/IMG_0921-scaled-e1724270610501-1536x1160.jpg 1536w, https:\/\/l-vibes.pl\/wp-content\/uploads\/2024\/08\/IMG_0921-scaled-e1724270610501-1300x981.jpg 1300w\" sizes=\"auto, (max-width: 1706px) 100vw, 1706px\" \/>\t\t\t\t<\/div>\n\t\t\t\t\t\t\t\n\t\t\t\t<div class=\"box-content\">\n\t\t\t\t\t<div class=\"header-content\">\n\t\t\t\t\t\t\n\t\t\t\t\t\t\t\t\t\t\t\t\n\t\t\t\t\t\t\t\t\t\t\t\t<h2>Ebooki<\/h2>\n\t\t\t\t\t\t\t\t\t\t\t\t\n\t\t\t\t\t\t\t\t\t\t\t\t\n\t\t\t\t\t\t\t\t\t\t\t\t\n\t\t\t\t\t\t\t\t\t\t\t\t\n\t\t\t\t\t\t\t\t\t\t\t\t\n\t\t\t\t\t\t\t\t\t\t\t\t<div class=\"ts-banner-button\">\n\t\t\t\t\t\t\n\t\t\t\t\t\t\t\t\t\t\t\t\t\t<a class=\"button\" href=\"https:\/\/l-vibes.pl\/product-category\/ebooki\/\"  rel=\"nofollow\">\n\t\t\t\t\t\t\t\tPodr\u00f3\u017cuj z nami\t\t\t\t\t\t\t<\/a>\n\t\t\t\t\t\t\t\t\t\t\t\t\t\t\n\t\t\t\t\t\t\t\t\t\t\t\t\t\t\n\t\t\t\t\t\t<\/div>\n\t\t\t\t\t\t\t\t\t\t\t\t\n\t\t\t\t\t<\/div>\n\t\t\t\t<\/div>\n\t\t\t\t\n\t\t\t<\/div>\n\t\t<\/div>\n\t\t\t\t\t\t<\/div>\n\t\t\t\t<\/div>\n\t\t\t\t<\/div>\n\t\t\t\t\t<\/div>\n\t\t\t\t<\/div>\n\t\t<div class=\"elementor-element elementor-element-bc307f3 e-con-full e-flex e-con e-parent\" data-id=\"bc307f3\" data-element_type=\"container\" data-e-type=\"container\">\n\t\t\t\t<div class=\"elementor-element elementor-element-1dd1855 elementor-widget-divider--view-line elementor-widget elementor-widget-divider\" data-id=\"1dd1855\" data-element_type=\"widget\" data-e-type=\"widget\" data-widget_type=\"divider.default\">\n\t\t\t\t<div class=\"elementor-widget-container\">\n\t\t\t\t\t\t\t<div class=\"elementor-divider\">\n\t\t\t<span class=\"elementor-divider-separator\">\n\t\t\t\t\t\t<\/span>\n\t\t<\/div>\n\t\t\t\t\t\t<\/div>\n\t\t\t\t<\/div>\n\t\t\t\t<\/div>\n\t\t<div class=\"elementor-element elementor-element-90900a2 e-flex e-con-boxed e-con e-parent\" data-id=\"90900a2\" data-element_type=\"container\" data-e-type=\"container\">\n\t\t\t\t\t<div class=\"e-con-inner\">\n\t\t\t\t<div class=\"elementor-element elementor-element-724a0a7 elementor-widget-tablet__width-auto elementor-widget-mobile__width-inherit elementor-widget elementor-widget-heading\" data-id=\"724a0a7\" data-element_type=\"widget\" data-e-type=\"widget\" data-widget_type=\"heading.default\">\n\t\t\t\t<div class=\"elementor-widget-container\">\n\t\t\t\t\t<h3 class=\"elementor-heading-title elementor-size-default\">Zaobserwuj nasze sociale<\/h3>\t\t\t\t<\/div>\n\t\t\t\t<\/div>\n\t\t\t\t<div class=\"elementor-element elementor-element-3d5745b e-grid-align-center elementor-widget elementor-widget-ts-social-icons\" data-id=\"3d5745b\" data-element_type=\"widget\" data-e-type=\"widget\" data-widget_type=\"ts-social-icons.default\">\n\t\t\t\t<div class=\"elementor-widget-container\">\n\t\t\t\t\t\t\t<div class=\"ts-social-icons-elementor-widget social-icons title-default style-horizontal show-name\">\n\t\t\t\t\t\t\n\t\t\t<div class=\"list-items\">\n\t\t\t\t\t\t\t<span>\n\t\t\t\t\t<a href=\"http:\/\/www.instagram.com\/l_shopgirls\" target=\"_blank\" class=\"elementor-icon elementor-social-icon elementor-social-icon-instagram elementor-repeater-item-ae42daa elementor-animation-\">\n\t\t\t\t\t\t<i class=\"icomoon icomoon-instagram\"><\/i>\t\t\t\t\t\t\t\t\t\t\t\t\t<span class=\"social-name\">instagram<\/span>\n\t\t\t\t\t\t\t\t\t\t\t<\/a>\n\t\t\t\t<\/span>\n\t\t\t\t\t\t\t\t<span>\n\t\t\t\t\t<a href=\"https:\/\/www.facebook.com\/profile.php?id=61550659994032\" target=\"_blank\" class=\"elementor-icon elementor-social-icon elementor-social-icon-facebook elementor-repeater-item-2631ba6 elementor-animation-\">\n\t\t\t\t\t\t<i class=\"icomoon icomoon-facebook\"><\/i>\t\t\t\t\t\t\t\t\t\t\t\t\t<span class=\"social-name\">facebook<\/span>\n\t\t\t\t\t\t\t\t\t\t\t<\/a>\n\t\t\t\t<\/span>\n\t\t\t\t\t\t\t\t<span>\n\t\t\t\t\t<a href=\"https:\/\/youtube.com\/@hienkadjtravel?si=sOYQ5QuhjOrXhu4k\" target=\"_blank\" class=\"elementor-icon elementor-social-icon elementor-social-icon-youtube elementor-repeater-item-ac6fdd4 elementor-animation-\">\n\t\t\t\t\t\t<i class=\"icomoon icomoon-youtube\"><\/i>\t\t\t\t\t\t\t\t\t\t\t\t\t<span class=\"social-name\">YouTube<\/span>\n\t\t\t\t\t\t\t\t\t\t\t<\/a>\n\t\t\t\t<\/span>\n\t\t\t\t\t\t\t<\/div>\n\t\t<\/div>\n\t\t\t\t\t\t<\/div>\n\t\t\t\t<\/div>\n\t\t\t\t\t<\/div>\n\t\t\t\t<\/div>\n\t\t\t\t<\/div>\n\t\t","protected":false},"excerpt":{"rendered":"<p>Sklep Kup teraz Wyjazdy Sprawd\u017a terminy Ebooki Podr\u00f3\u017cuj z nami Zaobserwuj nasze sociale instagram facebook YouTube<\/p>","protected":false},"author":1,"featured_media":0,"parent":0,"menu_order":0,"comment_status":"closed","ping_status":"closed","template":"","meta":{"footnotes":""},"class_list":["post-21343","page","type-page","status-publish","hentry"],"jetpack_sharing_enabled":true,"_links":{"self":[{"href":"https:\/\/l-vibes.pl\/en\/wp-json\/wp\/v2\/pages\/21343","targetHints":{"allow":["GET"]}}],"collection":[{"href":"https:\/\/l-vibes.pl\/en\/wp-json\/wp\/v2\/pages"}],"about":[{"href":"https:\/\/l-vibes.pl\/en\/wp-json\/wp\/v2\/types\/page"}],"author":[{"embeddable":true,"href":"https:\/\/l-vibes.pl\/en\/wp-json\/wp\/v2\/users\/1"}],"replies":[{"embeddable":true,"href":"https:\/\/l-vibes.pl\/en\/wp-json\/wp\/v2\/comments?post=21343"}],"version-history":[{"count":33,"href":"https:\/\/l-vibes.pl\/en\/wp-json\/wp\/v2\/pages\/21343\/revisions"}],"predecessor-version":[{"id":24300,"href":"https:\/\/l-vibes.pl\/en\/wp-json\/wp\/v2\/pages\/21343\/revisions\/24300"}],"wp:attachment":[{"href":"https:\/\/l-vibes.pl\/en\/wp-json\/wp\/v2\/media?parent=21343"}],"curies":[{"name":"wp","href":"https:\/\/api.w.org\/{rel}","templated":true}]}}