{"id":21401,"date":"2023-07-10T09:36:31","date_gmt":"2023-07-10T02:36:31","guid":{"rendered":"http:\/\/l-vibes.pl\/?page_id=21401"},"modified":"2024-08-27T11:45:30","modified_gmt":"2024-08-27T09:45:30","slug":"o-nas","status":"publish","type":"page","link":"https:\/\/l-vibes.pl\/en\/o-nas\/","title":{"rendered":"About Us"},"content":{"rendered":"<div data-elementor-type=\"wp-page\" data-elementor-id=\"21401\" class=\"elementor elementor-21401\">\n\t\t\t\t<div class=\"elementor-element elementor-element-eb81c26 e-flex e-con-boxed e-con e-parent\" data-id=\"eb81c26\" data-element_type=\"container\" data-e-type=\"container\">\n\t\t\t\t\t<div class=\"e-con-inner\">\n\t\t\t\t<div class=\"elementor-element elementor-element-65296e0 elementor-widget elementor-widget-image\" data-id=\"65296e0\" data-element_type=\"widget\" data-e-type=\"widget\" data-widget_type=\"image.default\">\n\t\t\t\t<div class=\"elementor-widget-container\">\n\t\t\t\t\t\t\t\t\t\t\t\t\t\t\t<img fetchpriority=\"high\" decoding=\"async\" width=\"1024\" height=\"819\" src=\"https:\/\/l-vibes.pl\/wp-content\/uploads\/2024\/08\/FullSizeRender-1024x819.jpg\" class=\"attachment-large size-large wp-image-22960\" alt=\"\" srcset=\"https:\/\/l-vibes.pl\/wp-content\/uploads\/2024\/08\/FullSizeRender-1024x819.jpg 1024w, https:\/\/l-vibes.pl\/wp-content\/uploads\/2024\/08\/FullSizeRender-300x240.jpg 300w, https:\/\/l-vibes.pl\/wp-content\/uploads\/2024\/08\/FullSizeRender-768x614.jpg 768w, https:\/\/l-vibes.pl\/wp-content\/uploads\/2024\/08\/FullSizeRender-340x272.jpg 340w, https:\/\/l-vibes.pl\/wp-content\/uploads\/2024\/08\/FullSizeRender-1536x1229.jpg 1536w, https:\/\/l-vibes.pl\/wp-content\/uploads\/2024\/08\/FullSizeRender-2048x1638.jpg 2048w, https:\/\/l-vibes.pl\/wp-content\/uploads\/2024\/08\/FullSizeRender-1000x800.jpg 1000w, https:\/\/l-vibes.pl\/wp-content\/uploads\/2024\/08\/FullSizeRender-1300x1040.jpg 1300w\" sizes=\"(max-width: 1024px) 100vw, 1024px\" \/>\t\t\t\t\t\t\t\t\t\t\t\t\t\t\t<\/div>\n\t\t\t\t<\/div>\n\t\t\t\t\t<\/div>\n\t\t\t\t<\/div>\n\t\t<div class=\"elementor-element elementor-element-658c2d6 e-con-full e-flex e-con e-parent\" data-id=\"658c2d6\" data-element_type=\"container\" data-e-type=\"container\" data-settings=\"{&quot;background_background&quot;:&quot;classic&quot;}\">\n\t\t<div class=\"elementor-element elementor-element-286da64 e-con-full e-flex e-con e-child\" data-id=\"286da64\" data-element_type=\"container\" data-e-type=\"container\">\n\t\t\t\t<div class=\"elementor-element elementor-element-c96d000 elementor-widget__width-initial elementor-widget elementor-widget-heading\" data-id=\"c96d000\" data-element_type=\"widget\" data-e-type=\"widget\" data-widget_type=\"heading.default\">\n\t\t\t\t<div class=\"elementor-widget-container\">\n\t\t\t\t\t<h2 class=\"elementor-heading-title elementor-size-default\">3 x L<\/h2>\t\t\t\t<\/div>\n\t\t\t\t<\/div>\n\t\t\t\t<div class=\"elementor-element elementor-element-7d1b4cc elementor-widget elementor-widget-heading\" data-id=\"7d1b4cc\" data-element_type=\"widget\" data-e-type=\"widget\" data-widget_type=\"heading.default\">\n\t\t\t\t<div class=\"elementor-widget-container\">\n\t\t\t\t\t<div class=\"elementor-heading-title elementor-size-default\">L Shop to marka istniej\u0105ca od 2023 roku, aczkolwiek zbudowana na wieloletnich podzespo\u0142ach. <br>\n<br>L Shop to przede wszystkim sklep, w kt\u00f3rym mamy nadziej\u0119, \u017ce ka\u017cdy odnajdzie kawa\u0142ek siebie w istniej\u0105cych produktach lub te\u017c stworzy je z nami,  jako sw\u00f3j jedyny, oryginalny i niepowtarzalny pomys\u0142.<br>\n\n<br>Na naszym sklepie znajdziecie gad\u017cety i akcesoria m.in. skarpetki, bluzki, czapki, kubki, czy pinsy. \n\n<br>Z nami mo\u017cesz r\u00f3wnie\u017c stworzy\u0107 sw\u00f3j w\u0142asny gad\u017cet czy t-shirt. Jeste\u015bmy gotowi na nowe wyzwania!<br> \n\n<br>L Vibes to imprezy cykliczne organizowane w Warszawie od 2017 roku. To drugie dziecko zaraz po zako\u0144czonym 10-letnim projekcie Twin Heart. Organizujemy imprezy w klubach i plenerze, jak r\u00f3wnie\u017c raz do roku wyruszamy w tras\u0119 po Polsce. <br> \n\n<br>Celem naszych imprez jest przede wszystkim zrzeszanie i promowanie kobiet ze \u015brodowiska LGBT+ z ca\u0142ej Polski. Nasz\u0105 MISJ\u0104 jest wspieranie i propagowanie pasji i talent\u00f3w.\nNa naszych wydarzeniach opr\u00f3cz samej imprezy znajdziecie r\u00f3wnie\u017c:<br> \n- Wystawy<br> \n- Koncerty <br>\n- Live act instrumentalne oraz wokalne<br> \n- Gry towarzyskie<br> \n- Wsp\u00f3\u0142prac\u0119 ze studiami tatua\u017c\u00f3w<br> \n- Sety djskie<br> \n- Wyst\u0119py burlesque \/ pole dance oraz warsztaty taneczne<br> \n- Wyst\u0119py Drag King<br> \n- Import go\u015bci specjalnych z zagranicy<br> \n- Zabawa w\u015br\u00f3d polskich znanych celebrytek ze \u015bwiata LGBTQ+<br>\n\n<br>L CAMP to pierwszy w Polsce ob\u00f3z na Mazurach skierowany do kobiet ze \u015brodowiska LGBT+. W sierpniu 2023 ruszy\u0142a jego pierwsza edycja. L CAMP to integracja kobiet w plenerze na kilkudniowym wyje\u017adzie z zaplanowanymi atrakcjami rozrywkowo- edukacyjnymi. Na naszych wyjazdach nie brakuje warsztat\u00f3w kreatywnych m.in.: Art&amp;Prosecco na \u015bwie\u017cym powietrzu, warsztat\u00f3w tanecznych, warsztat\u00f3w ArtBag, warsztat\u00f3w z nauki tworzenia tatua\u017cy, zaj\u0119\u0107 sportowych, gier i zabaw czy kina plenerowego. <\/div>\t\t\t\t<\/div>\n\t\t\t\t<\/div>\n\t\t\t\t<\/div>\n\t\t\t\t<\/div>\n\t\t\t\t<\/div>","protected":false},"excerpt":{"rendered":"<p>3 x L L Shop to marka istniej\u0105ca od 2023 roku, aczkolwiek zbudowana na wieloletnich podzespo\u0142ach. L Shop to przede wszystkim sklep, w kt\u00f3rym mamy nadziej\u0119, \u017ce ka\u017cdy odnajdzie kawa\u0142ek siebie w istniej\u0105cych produktach lub te\u017c stworzy je z nami, jako sw\u00f3j jedyny, oryginalny i niepowtarzalny pomys\u0142. Na naszym sklepie znajdziecie gad\u017cety i akcesoria m.in. [&hellip;]<\/p>\n","protected":false},"author":1,"featured_media":0,"parent":0,"menu_order":0,"comment_status":"closed","ping_status":"closed","template":"","meta":{"footnotes":""},"class_list":["post-21401","page","type-page","status-publish","hentry"],"jetpack_sharing_enabled":true,"_links":{"self":[{"href":"https:\/\/l-vibes.pl\/en\/wp-json\/wp\/v2\/pages\/21401","targetHints":{"allow":["GET"]}}],"collection":[{"href":"https:\/\/l-vibes.pl\/en\/wp-json\/wp\/v2\/pages"}],"about":[{"href":"https:\/\/l-vibes.pl\/en\/wp-json\/wp\/v2\/types\/page"}],"author":[{"embeddable":true,"href":"https:\/\/l-vibes.pl\/en\/wp-json\/wp\/v2\/users\/1"}],"replies":[{"embeddable":true,"href":"https:\/\/l-vibes.pl\/en\/wp-json\/wp\/v2\/comments?post=21401"}],"version-history":[{"count":32,"href":"https:\/\/l-vibes.pl\/en\/wp-json\/wp\/v2\/pages\/21401\/revisions"}],"predecessor-version":[{"id":23014,"href":"https:\/\/l-vibes.pl\/en\/wp-json\/wp\/v2\/pages\/21401\/revisions\/23014"}],"wp:attachment":[{"href":"https:\/\/l-vibes.pl\/en\/wp-json\/wp\/v2\/media?parent=21401"}],"curies":[{"name":"wp","href":"https:\/\/api.w.org\/{rel}","templated":true}]}}