{"id":22726,"date":"2024-08-27T20:53:31","date_gmt":"2024-08-27T18:53:31","guid":{"rendered":"http:\/\/l-vibes.pl\/?post_type=product&#038;p=22726"},"modified":"2025-09-09T19:04:23","modified_gmt":"2025-09-09T17:04:23","slug":"skarpetki-lubie-lizac","status":"publish","type":"product","link":"https:\/\/l-vibes.pl\/en\/product\/skarpetki-lubie-lizac\/","title":{"rendered":"Skarpetki &#8220;Lubi\u0119 Liza\u0107&#8221;"},"content":{"rendered":"","protected":false},"excerpt":{"rendered":"<p>Dodaj odrobin\u0119 humoru i pikanterii do swojej garderoby z naszymi skarpetkami \u201eLubi\u0119 Liza\u0107\u201d! Te wyj\u0105tkowe skarpetki s\u0105 idealnym sposobem, by wyrazi\u0107 swoj\u0105 zabawn\u0105 stron\u0119 oraz odrobin\u0119 flirtu.<\/p>\n<p>&nbsp;<\/p>\n<h5>Why?<\/h5>\n<p><strong>Chwytliwy napis:<\/strong> \u201eLubi\u0119 Liza\u0107\u201d to doskona\u0142y spos\u00f3b na rozbawienie innych i dodanie nuty pikanterii do codziennych stylizacji!<br \/>\n<strong>Uniwersalny design:<\/strong> Pasuj\u0105 do wielu outfit\u00f3w, od casualowych po bardziej eleganckie, idealnie wkomponowuj\u0105c si\u0119 w r\u00f3\u017cne okazje.<br \/>\n<strong>Rozmiar\u00f3wka:<\/strong> Pasuj\u0105 na stopy w rozmiarze 36-41, idealne dla wi\u0119kszo\u015bci!<\/p>\n<h5><\/h5>\n<h5>Nie zwlekaj \u2013 zam\u00f3w swoje skarpetki \u201eLubi\u0119 Liza\u0107\u201d ju\u017c dzi\u015b i spraw, by ka\u017cdy krok by\u0142 pe\u0142en rado\u015bci i odrobiny pikanterii!<\/h5>\n<p>&nbsp;<\/p>\n<p><strong>Sk\u0142ad:<\/strong><\/p>\n<p>80% bawe\u0142na czesana<\/p>\n<p>15% poliamid<\/p>\n<p>5% elastan<\/p>","protected":false},"featured_media":22727,"comment_status":"open","ping_status":"closed","template":"","meta":[],"product_brand":[],"product_cat":[179],"product_tag":[239,238,237,240],"class_list":{"0":"post-22726","1":"product","2":"type-product","3":"status-publish","4":"has-post-thumbnail","6":"product_cat-skarpetki","7":"product_tag-lizac","8":"product_tag-lubie","9":"product_tag-skarpetki","10":"product_tag-skarpety","12":"first","13":"instock","14":"shipping-taxable","15":"purchasable","16":"product-type-simple","17":"add-to-wishlist-after_add_to_cart"},"jetpack_sharing_enabled":true,"_links":{"self":[{"href":"https:\/\/l-vibes.pl\/en\/wp-json\/wp\/v2\/product\/22726","targetHints":{"allow":["GET"]}}],"collection":[{"href":"https:\/\/l-vibes.pl\/en\/wp-json\/wp\/v2\/product"}],"about":[{"href":"https:\/\/l-vibes.pl\/en\/wp-json\/wp\/v2\/types\/product"}],"replies":[{"embeddable":true,"href":"https:\/\/l-vibes.pl\/en\/wp-json\/wp\/v2\/comments?post=22726"}],"wp:featuredmedia":[{"embeddable":true,"href":"https:\/\/l-vibes.pl\/en\/wp-json\/wp\/v2\/media\/22727"}],"wp:attachment":[{"href":"https:\/\/l-vibes.pl\/en\/wp-json\/wp\/v2\/media?parent=22726"}],"wp:term":[{"taxonomy":"product_brand","embeddable":true,"href":"https:\/\/l-vibes.pl\/en\/wp-json\/wp\/v2\/product_brand?post=22726"},{"taxonomy":"product_cat","embeddable":true,"href":"https:\/\/l-vibes.pl\/en\/wp-json\/wp\/v2\/product_cat?post=22726"},{"taxonomy":"product_tag","embeddable":true,"href":"https:\/\/l-vibes.pl\/en\/wp-json\/wp\/v2\/product_tag?post=22726"}],"curies":[{"name":"wp","href":"https:\/\/api.w.org\/{rel}","templated":true}]}}