{"id":23027,"date":"2024-08-27T20:54:16","date_gmt":"2024-08-27T18:54:16","guid":{"rendered":"https:\/\/l-vibes.pl\/?post_type=product&#038;p=23027"},"modified":"2025-06-20T08:56:40","modified_gmt":"2025-06-20T06:56:40","slug":"skarpetki-slay","status":"publish","type":"product","link":"https:\/\/l-vibes.pl\/en\/product\/skarpetki-slay\/","title":{"rendered":"Skarpetki T\u0119czowe &#8220;SLAY&#8221;"},"content":{"rendered":"","protected":false},"excerpt":{"rendered":"<p>Dodaj odrobin\u0119 stylu do swojej garderoby z naszymi t\u0119czowymi skarpetkami \u201eSlay\u201d! Te kolorowe skarpetki nie tylko zachwycaj\u0105 designem, ale r\u00f3wnie\u017c dodaj\u0105 pewno\u015bci siebie na ka\u017cdym kroku.<\/p>\n<h5><\/h5>\n<h5>Why?<\/h5>\n<p><strong>Wyrazisty napis:<\/strong> \u201eSlay\u201d to przypomnienie, by by\u0107 sob\u0105 i z dum\u0105 kroczy\u0107 przez \u017cycie.<\/p>\n<p><strong>Kolorowy design:<\/strong> T\u0119czowe kolory dodaj\u0105 energii i rado\u015bci ka\u017cdej stylizacji.<\/p>\n<p><strong> Rozmiar\u00f3wka:<\/strong> Pasuj\u0105 na stopy w rozmiarze 36-41, idealne dla wi\u0119kszo\u015bci!<\/p>\n<p>&nbsp;<\/p>\n<h5>Nie zwlekaj \u2013 zam\u00f3w swoje t\u0119czowe skarpetki \u201eSlay\u201d ju\u017c dzi\u015b i b\u0105d\u017a gwiazd\u0105 w ka\u017cdej sytuacji!<\/h5>\n<p>&nbsp;<\/p>\n<p><strong>Sk\u0142ad:<\/strong><\/p>\n<p>80% bawe\u0142na czesana<\/p>\n<p>15% poliamid<\/p>\n<p>5% elastan<\/p>","protected":false},"featured_media":23028,"comment_status":"open","ping_status":"closed","template":"","meta":[],"product_brand":[],"product_cat":[179],"product_tag":[237,241,242],"class_list":{"0":"post-23027","1":"product","2":"type-product","3":"status-publish","4":"has-post-thumbnail","6":"product_cat-skarpetki","7":"product_tag-skarpetki","8":"product_tag-slay","9":"product_tag-tecza","11":"first","12":"instock","13":"featured","14":"shipping-taxable","15":"purchasable","16":"product-type-simple","17":"add-to-wishlist-after_add_to_cart"},"jetpack_sharing_enabled":true,"_links":{"self":[{"href":"https:\/\/l-vibes.pl\/en\/wp-json\/wp\/v2\/product\/23027","targetHints":{"allow":["GET"]}}],"collection":[{"href":"https:\/\/l-vibes.pl\/en\/wp-json\/wp\/v2\/product"}],"about":[{"href":"https:\/\/l-vibes.pl\/en\/wp-json\/wp\/v2\/types\/product"}],"replies":[{"embeddable":true,"href":"https:\/\/l-vibes.pl\/en\/wp-json\/wp\/v2\/comments?post=23027"}],"wp:featuredmedia":[{"embeddable":true,"href":"https:\/\/l-vibes.pl\/en\/wp-json\/wp\/v2\/media\/23028"}],"wp:attachment":[{"href":"https:\/\/l-vibes.pl\/en\/wp-json\/wp\/v2\/media?parent=23027"}],"wp:term":[{"taxonomy":"product_brand","embeddable":true,"href":"https:\/\/l-vibes.pl\/en\/wp-json\/wp\/v2\/product_brand?post=23027"},{"taxonomy":"product_cat","embeddable":true,"href":"https:\/\/l-vibes.pl\/en\/wp-json\/wp\/v2\/product_cat?post=23027"},{"taxonomy":"product_tag","embeddable":true,"href":"https:\/\/l-vibes.pl\/en\/wp-json\/wp\/v2\/product_tag?post=23027"}],"curies":[{"name":"wp","href":"https:\/\/api.w.org\/{rel}","templated":true}]}}