{"id":23034,"date":"2024-08-27T16:46:58","date_gmt":"2024-08-27T14:46:58","guid":{"rendered":"https:\/\/l-vibes.pl\/?post_type=product&#038;p=23034"},"modified":"2025-06-09T18:40:27","modified_gmt":"2025-06-09T16:40:27","slug":"teczowa-bransoletka","status":"publish","type":"product","link":"https:\/\/l-vibes.pl\/en\/product\/teczowa-bransoletka\/","title":{"rendered":"Rainbow String Bracelet"},"content":{"rendered":"","protected":false},"excerpt":{"rendered":"<p>Bring more colors to your life with our rainbow string bracelet!<\/p>\n<p>&nbsp;<\/p>\n<h5>Why?<\/h5>\n<p><strong>Outstanding design<\/strong> Kolorowe plecionki przyci\u0105gaj\u0105 wzrok i dodaj\u0105 energii<\/p>\n<p><strong>Universal size<\/strong> Idealna do casualowych i letnich stylizacji<\/p>\n<p><strong>Perfect gift idea<\/strong> Spraw rado\u015b\u0107 bliskim oryginalnym dodatkiem!<\/p>\n<p>&nbsp;<\/p>\n<h5>Don't wait - order today!<\/h5>\n<p>&nbsp;<\/p>\n<p><strong>ORDER PROCESSING TIME 7-14 DAYS<\/strong><\/p>","protected":false},"featured_media":23001,"comment_status":"open","ping_status":"closed","template":"","meta":[],"product_brand":[],"product_cat":[182],"product_tag":[245,242],"class_list":{"0":"post-23034","1":"product","2":"type-product","3":"status-publish","4":"has-post-thumbnail","6":"product_cat-akcesoria","7":"product_tag-bransoletka","8":"product_tag-tecza","10":"first","11":"instock","12":"shipping-taxable","13":"purchasable","14":"product-type-simple","15":"add-to-wishlist-after_add_to_cart"},"jetpack_sharing_enabled":true,"_links":{"self":[{"href":"https:\/\/l-vibes.pl\/en\/wp-json\/wp\/v2\/product\/23034","targetHints":{"allow":["GET"]}}],"collection":[{"href":"https:\/\/l-vibes.pl\/en\/wp-json\/wp\/v2\/product"}],"about":[{"href":"https:\/\/l-vibes.pl\/en\/wp-json\/wp\/v2\/types\/product"}],"replies":[{"embeddable":true,"href":"https:\/\/l-vibes.pl\/en\/wp-json\/wp\/v2\/comments?post=23034"}],"wp:featuredmedia":[{"embeddable":true,"href":"https:\/\/l-vibes.pl\/en\/wp-json\/wp\/v2\/media\/23001"}],"wp:attachment":[{"href":"https:\/\/l-vibes.pl\/en\/wp-json\/wp\/v2\/media?parent=23034"}],"wp:term":[{"taxonomy":"product_brand","embeddable":true,"href":"https:\/\/l-vibes.pl\/en\/wp-json\/wp\/v2\/product_brand?post=23034"},{"taxonomy":"product_cat","embeddable":true,"href":"https:\/\/l-vibes.pl\/en\/wp-json\/wp\/v2\/product_cat?post=23034"},{"taxonomy":"product_tag","embeddable":true,"href":"https:\/\/l-vibes.pl\/en\/wp-json\/wp\/v2\/product_tag?post=23034"}],"curies":[{"name":"wp","href":"https:\/\/api.w.org\/{rel}","templated":true}]}}