{"id":23070,"date":"2024-08-27T20:44:15","date_gmt":"2024-08-27T18:44:15","guid":{"rendered":"https:\/\/l-vibes.pl\/?post_type=product&#038;p=23070"},"modified":"2024-12-10T21:10:35","modified_gmt":"2024-12-10T20:10:35","slug":"be-kind-to-your-mind","status":"publish","type":"product","link":"https:\/\/l-vibes.pl\/en\/product\/be-kind-to-your-mind\/","title":{"rendered":"Kubek &#8220;Be Kind To Your Mind&#8221;"},"content":{"rendered":"","protected":false},"excerpt":{"rendered":"<p>Zacznij ka\u017cdy dzie\u0144 od pozytywnego przes\u0142ania dzi\u0119ki naszemu kubkowi &#8220;Be Kind to Your Mind&#8221;! Ten stylowy kubek przypomina, jak wa\u017cne jest dbanie o siebie i swoje samopoczucie.<\/p>\n<p>&nbsp;<\/p>\n<h5>Why?<\/h5>\n<p><strong>Inspiring design<\/strong> Napis, kt\u00f3ry motywuje do troski o zdrowie psychiczne i emocjonalne<\/p>\n<p><strong>Perfect gift idea<\/strong> \u015awietny pomys\u0142 dla przyjaci\u00f3\u0142ki, bliskiej osoby lub samej siebie<\/p>\n<p><strong>Good quality<\/strong> Wykonany z trwa\u0142ej ceramiki, doskona\u0142y do gor\u0105cych napoj\u00f3w.<\/p>\n<p>&nbsp;<\/p>\n<h5>Zam\u00f3w sw\u00f3j kubek &#8220;Be Kind to Your Mind&#8221; ju\u017c dzi\u015b i ciesz si\u0119 chwilami relaksu przy ulubionym napoju! \u2615\ufe0f<\/h5>","protected":false},"featured_media":23071,"comment_status":"open","ping_status":"closed","template":"","meta":[],"product_brand":[],"product_cat":[180],"product_tag":[274,272,271,273],"class_list":{"0":"post-23070","1":"product","2":"type-product","3":"status-publish","4":"has-post-thumbnail","6":"product_cat-kubki","7":"product_tag-be-kind-to-your-mind","8":"product_tag-kind","9":"product_tag-kubki","10":"product_tag-mind","12":"first","13":"instock","14":"shipping-taxable","15":"purchasable","16":"product-type-simple","17":"add-to-wishlist-after_add_to_cart"},"jetpack_sharing_enabled":true,"_links":{"self":[{"href":"https:\/\/l-vibes.pl\/en\/wp-json\/wp\/v2\/product\/23070","targetHints":{"allow":["GET"]}}],"collection":[{"href":"https:\/\/l-vibes.pl\/en\/wp-json\/wp\/v2\/product"}],"about":[{"href":"https:\/\/l-vibes.pl\/en\/wp-json\/wp\/v2\/types\/product"}],"replies":[{"embeddable":true,"href":"https:\/\/l-vibes.pl\/en\/wp-json\/wp\/v2\/comments?post=23070"}],"wp:featuredmedia":[{"embeddable":true,"href":"https:\/\/l-vibes.pl\/en\/wp-json\/wp\/v2\/media\/23071"}],"wp:attachment":[{"href":"https:\/\/l-vibes.pl\/en\/wp-json\/wp\/v2\/media?parent=23070"}],"wp:term":[{"taxonomy":"product_brand","embeddable":true,"href":"https:\/\/l-vibes.pl\/en\/wp-json\/wp\/v2\/product_brand?post=23070"},{"taxonomy":"product_cat","embeddable":true,"href":"https:\/\/l-vibes.pl\/en\/wp-json\/wp\/v2\/product_cat?post=23070"},{"taxonomy":"product_tag","embeddable":true,"href":"https:\/\/l-vibes.pl\/en\/wp-json\/wp\/v2\/product_tag?post=23070"}],"curies":[{"name":"wp","href":"https:\/\/api.w.org\/{rel}","templated":true}]}}