{"id":23114,"date":"2024-08-28T00:18:58","date_gmt":"2024-08-27T22:18:58","guid":{"rendered":"https:\/\/l-vibes.pl\/?post_type=product&#038;p=23114"},"modified":"2025-09-09T19:04:24","modified_gmt":"2025-09-09T17:04:24","slug":"i-like-girls-napis-pink","status":"publish","type":"product","link":"https:\/\/l-vibes.pl\/en\/product\/i-like-girls-napis-pink\/","title":{"rendered":"I Like Girls Napis PINK"},"content":{"rendered":"","protected":false},"excerpt":{"rendered":"<p>Wyra\u017a swoj\u0105 osobowo\u015b\u0107 i przekonania z nasz\u0105 czarn\u0105 koszulk\u0105 \u201eI Like Girls\u201d! Ten stylowy model z wyrazistym r\u00f3\u017cowym napisem to doskona\u0142y spos\u00f3b na manifestacj\u0119 swojego stylu i wsparcie dla r\u00f3\u017cnorodno\u015bci.<\/p>\n<p>&nbsp;<\/p>\n<h5>Why?<\/h5>\n<p><strong>Mocne przes\u0142anie:<\/strong> Napis \u201eI Like Girls\u201d jest afirmacj\u0105 mi\u0142o\u015bci i akceptacji.<\/p>\n<p><strong>Stylowy design:<\/strong> Klasyczna czer\u0144 w po\u0142\u0105czeniu z r\u00f3\u017cowym napisem sprawia, \u017ce koszulka wyr\u00f3\u017cnia si\u0119 w t\u0142umie.<\/p>\n<p><strong>Wszechstronno\u015b\u0107:<\/strong> Idealna do codziennych stylizacji, na spotkania ze znajomymi czy podczas relaksu.<\/p>\n<p>&nbsp;<\/p>\n<h5>Nie zwlekaj \u2013 zam\u00f3w swoj\u0105 koszulk\u0119 \u201eI Like Girls\u201d ju\u017c dzi\u015b i poka\u017c \u015bwiatu, kim jeste\u015b!<\/h5>\n<p><strong>Sk\u0142ad:<\/strong><\/p>\n<p>100% z wysokogatunkowej bawe\u0142ny<\/p>\n<p>gramatura 145g<\/p>\n<p>&nbsp;<\/p>\n<p><strong>WYMIARY:<\/strong><\/p>\n<p>S<\/p>\n<p>D\u0142ugo\u015b\u0107 ca\u0142kowita &#8211; 70cm<\/p>\n<p>Szeroko\u015b\u0107 pod pachami &#8211; 51cm<\/p>\n<p>&nbsp;<\/p>\n<p>M<\/p>\n<p>D\u0142ugo\u015b\u0107 ca\u0142kowita &#8211; 72cm<\/p>\n<p>Szeroko\u015b\u0107 pod pachami &#8211; 53cm<\/p>\n<p>&nbsp;<\/p>\n<p>L<\/p>\n<p>D\u0142ugo\u015b\u0107 ca\u0142kowita &#8211; 74cm<\/p>\n<p>Szeroko\u015b\u0107 pod pachami &#8211; 56cm<\/p>\n<p>&nbsp;<\/p>\n<p>XL<\/p>\n<p>D\u0142ugo\u015b\u0107 ca\u0142kowita &#8211; 76cm<\/p>\n<p>Szeroko\u015b\u0107 pod pachami &#8211; 58cm<\/p>\n<h4><strong><br \/>\nORDER PROCESSING TIME 7-14 DAYS<\/strong><\/h4>","protected":false},"featured_media":23115,"comment_status":"open","ping_status":"closed","template":"","meta":[],"product_brand":[],"product_cat":[177],"product_tag":[292,299,295,302,303,290],"class_list":{"0":"post-23114","1":"product","2":"type-product","3":"status-publish","4":"has-post-thumbnail","6":"product_cat-t-shirty","7":"product_tag-bluzka","8":"product_tag-girls","9":"product_tag-i-like-girls","10":"product_tag-pink","11":"product_tag-rozowa","12":"product_tag-t-shirt","14":"first","15":"instock","16":"shipping-taxable","17":"purchasable","18":"product-type-variable","19":"add-to-wishlist-after_add_to_cart"},"jetpack_sharing_enabled":true,"_links":{"self":[{"href":"https:\/\/l-vibes.pl\/en\/wp-json\/wp\/v2\/product\/23114","targetHints":{"allow":["GET"]}}],"collection":[{"href":"https:\/\/l-vibes.pl\/en\/wp-json\/wp\/v2\/product"}],"about":[{"href":"https:\/\/l-vibes.pl\/en\/wp-json\/wp\/v2\/types\/product"}],"replies":[{"embeddable":true,"href":"https:\/\/l-vibes.pl\/en\/wp-json\/wp\/v2\/comments?post=23114"}],"wp:featuredmedia":[{"embeddable":true,"href":"https:\/\/l-vibes.pl\/en\/wp-json\/wp\/v2\/media\/23115"}],"wp:attachment":[{"href":"https:\/\/l-vibes.pl\/en\/wp-json\/wp\/v2\/media?parent=23114"}],"wp:term":[{"taxonomy":"product_brand","embeddable":true,"href":"https:\/\/l-vibes.pl\/en\/wp-json\/wp\/v2\/product_brand?post=23114"},{"taxonomy":"product_cat","embeddable":true,"href":"https:\/\/l-vibes.pl\/en\/wp-json\/wp\/v2\/product_cat?post=23114"},{"taxonomy":"product_tag","embeddable":true,"href":"https:\/\/l-vibes.pl\/en\/wp-json\/wp\/v2\/product_tag?post=23114"}],"curies":[{"name":"wp","href":"https:\/\/api.w.org\/{rel}","templated":true}]}}