{"id":23119,"date":"2024-09-02T00:40:42","date_gmt":"2024-09-01T22:40:42","guid":{"rendered":"https:\/\/l-vibes.pl\/?post_type=product&#038;p=23119"},"modified":"2025-03-26T20:04:54","modified_gmt":"2025-03-26T19:04:54","slug":"bluza-lez-be-friends","status":"publish","type":"product","link":"https:\/\/l-vibes.pl\/en\/product\/bluza-lez-be-friends\/","title":{"rendered":"Lez Be Friends PINK Hoodie"},"content":{"rendered":"","protected":false},"excerpt":{"rendered":"<p>Pink hoodie. Basic style. Front pocket.<\/p>\n<p>Wk\u0142adana przez g\u0142ow\u0119. Posiada kiesze\u0144 typu kangur. D\u00f3\u0142 i r\u0119kawy zako\u0144czone \u015bci\u0105gaczem.<\/p>\n<p>&nbsp;<\/p>\n<p><strong>Fabric:<\/strong> 65% cotton, 35% polyester<\/p>\n<p>&nbsp;<\/p>\n<p><strong>ORDER PROCESSING TIME 7-14 DAYS<\/strong><\/p>","protected":false},"featured_media":23171,"comment_status":"open","ping_status":"closed","template":"","meta":[],"product_brand":[],"product_cat":[235],"product_tag":[304,283,281,301],"class_list":{"0":"post-23119","1":"product","2":"type-product","3":"status-publish","4":"has-post-thumbnail","6":"product_cat-bluzy","7":"product_tag-bluza","8":"product_tag-friends","9":"product_tag-lez","10":"product_tag-lez-be-friends","12":"first","13":"instock","14":"shipping-taxable","15":"purchasable","16":"product-type-variable","17":"add-to-wishlist-after_add_to_cart"},"jetpack_sharing_enabled":true,"_links":{"self":[{"href":"https:\/\/l-vibes.pl\/en\/wp-json\/wp\/v2\/product\/23119","targetHints":{"allow":["GET"]}}],"collection":[{"href":"https:\/\/l-vibes.pl\/en\/wp-json\/wp\/v2\/product"}],"about":[{"href":"https:\/\/l-vibes.pl\/en\/wp-json\/wp\/v2\/types\/product"}],"replies":[{"embeddable":true,"href":"https:\/\/l-vibes.pl\/en\/wp-json\/wp\/v2\/comments?post=23119"}],"wp:featuredmedia":[{"embeddable":true,"href":"https:\/\/l-vibes.pl\/en\/wp-json\/wp\/v2\/media\/23171"}],"wp:attachment":[{"href":"https:\/\/l-vibes.pl\/en\/wp-json\/wp\/v2\/media?parent=23119"}],"wp:term":[{"taxonomy":"product_brand","embeddable":true,"href":"https:\/\/l-vibes.pl\/en\/wp-json\/wp\/v2\/product_brand?post=23119"},{"taxonomy":"product_cat","embeddable":true,"href":"https:\/\/l-vibes.pl\/en\/wp-json\/wp\/v2\/product_cat?post=23119"},{"taxonomy":"product_tag","embeddable":true,"href":"https:\/\/l-vibes.pl\/en\/wp-json\/wp\/v2\/product_tag?post=23119"}],"curies":[{"name":"wp","href":"https:\/\/api.w.org\/{rel}","templated":true}]}}