{"id":23123,"date":"2024-09-01T00:24:34","date_gmt":"2024-08-31T22:24:34","guid":{"rendered":"https:\/\/l-vibes.pl\/?post_type=product&#038;p=23123"},"modified":"2025-03-26T21:42:26","modified_gmt":"2025-03-26T20:42:26","slug":"unlimited","status":"publish","type":"product","link":"https:\/\/l-vibes.pl\/en\/product\/unlimited\/","title":{"rendered":"unLIMITed"},"content":{"rendered":"","protected":false},"excerpt":{"rendered":"<p>Wyra\u017a swoj\u0105 nieograniczon\u0105 energi\u0119 i styl z naszym czarnym t-shirtem \u201eUNLIMITED\u201d! Ten wyj\u0105tkowy model z r\u00f3\u017cowym brokatowym napisem to idealny wyb\u00f3r dla tych, kt\u00f3rzy pragn\u0105 \u017cy\u0107 bez ogranicze\u0144.<\/p>\n<p>&nbsp;<\/p>\n<h5>Why?<\/h5>\n<p><strong>Mocne przes\u0142anie:<\/strong> Napis \u201eUNLIMITED\u201d przypomina, \u017ce nie ma rzeczy niemo\u017cliwych!<\/p>\n<p><strong>Stylowy design:<\/strong> Klasyczna czer\u0144 w po\u0142\u0105czeniu z r\u00f3\u017cowym brokatem sprawia, \u017ce t-shirt wyr\u00f3\u017cnia si\u0119 z t\u0142umu.<\/p>\n<p><strong>Uniwersalno\u015b\u0107:<\/strong> Doskona\u0142y do codziennych stylizacji, na spotkania ze znajomymi czy treningi.<\/p>\n<p>&nbsp;<\/p>\n<h5>Nie zwlekaj \u2013 zam\u00f3w sw\u00f3j t-shirt \u201eUNLIMITED\u201d ju\u017c dzi\u015b i poka\u017c \u015bwiatu, \u017ce Twoje mo\u017cliwo\u015bci s\u0105 nieograniczone!<\/h5>\n<p><strong>Sk\u0142ad:<\/strong><\/p>\n<p>100% z wysokogatunkowej bawe\u0142ny<\/p>\n<p>gramatura 145g<\/p>\n<p>&nbsp;<\/p>\n<p><strong>WYMIARY:<\/strong><\/p>\n<p>S<\/p>\n<p>D\u0142ugo\u015b\u0107 ca\u0142kowita &#8211; 70cm<\/p>\n<p>Szeroko\u015b\u0107 pod pachami &#8211; 51cm<\/p>\n<p>&nbsp;<\/p>\n<p>M<\/p>\n<p>D\u0142ugo\u015b\u0107 ca\u0142kowita &#8211; 72cm<\/p>\n<p>Szeroko\u015b\u0107 pod pachami &#8211; 53cm<\/p>\n<p>&nbsp;<\/p>\n<p>L<\/p>\n<p>D\u0142ugo\u015b\u0107 ca\u0142kowita &#8211; 74cm<\/p>\n<p>Szeroko\u015b\u0107 pod pachami &#8211; 56cm<\/p>\n<p>&nbsp;<\/p>\n<p>XL<\/p>\n<p>D\u0142ugo\u015b\u0107 ca\u0142kowita &#8211; 76cm<\/p>\n<p>Szeroko\u015b\u0107 pod pachami &#8211; 58cm<\/p>\n<h4><strong><br \/>\nORDER PROCESSING TIME 7-14 DAYS<\/strong><\/h4>","protected":false},"featured_media":23153,"comment_status":"open","ping_status":"closed","template":"","meta":[],"product_brand":[],"product_cat":[177],"product_tag":[292,290,306],"class_list":{"0":"post-23123","1":"product","2":"type-product","3":"status-publish","4":"has-post-thumbnail","6":"product_cat-t-shirty","7":"product_tag-bluzka","8":"product_tag-t-shirt","9":"product_tag-unlimited","11":"first","12":"instock","13":"shipping-taxable","14":"purchasable","15":"product-type-variable","16":"add-to-wishlist-after_add_to_cart"},"jetpack_sharing_enabled":true,"_links":{"self":[{"href":"https:\/\/l-vibes.pl\/en\/wp-json\/wp\/v2\/product\/23123","targetHints":{"allow":["GET"]}}],"collection":[{"href":"https:\/\/l-vibes.pl\/en\/wp-json\/wp\/v2\/product"}],"about":[{"href":"https:\/\/l-vibes.pl\/en\/wp-json\/wp\/v2\/types\/product"}],"replies":[{"embeddable":true,"href":"https:\/\/l-vibes.pl\/en\/wp-json\/wp\/v2\/comments?post=23123"}],"wp:featuredmedia":[{"embeddable":true,"href":"https:\/\/l-vibes.pl\/en\/wp-json\/wp\/v2\/media\/23153"}],"wp:attachment":[{"href":"https:\/\/l-vibes.pl\/en\/wp-json\/wp\/v2\/media?parent=23123"}],"wp:term":[{"taxonomy":"product_brand","embeddable":true,"href":"https:\/\/l-vibes.pl\/en\/wp-json\/wp\/v2\/product_brand?post=23123"},{"taxonomy":"product_cat","embeddable":true,"href":"https:\/\/l-vibes.pl\/en\/wp-json\/wp\/v2\/product_cat?post=23123"},{"taxonomy":"product_tag","embeddable":true,"href":"https:\/\/l-vibes.pl\/en\/wp-json\/wp\/v2\/product_tag?post=23123"}],"curies":[{"name":"wp","href":"https:\/\/api.w.org\/{rel}","templated":true}]}}