{"id":23135,"date":"2024-08-26T00:46:00","date_gmt":"2024-08-25T22:46:00","guid":{"rendered":"https:\/\/l-vibes.pl\/?post_type=product&#038;p=23135"},"modified":"2024-12-10T21:21:00","modified_gmt":"2024-12-10T20:21:00","slug":"dwie-takie-w-tajlandii","status":"publish","type":"product","link":"https:\/\/l-vibes.pl\/en\/product\/dwie-takie-w-tajlandii\/","title":{"rendered":"Dwie Takie w Tajlandii"},"content":{"rendered":"","protected":false},"excerpt":{"rendered":"<p>Cze\u015b\u0107!<\/p>\n<p><strong>Tu Ania i Paulina z Love Never Lies<\/strong>\u00a0\u2764\ufe0f W tym ebooki zabierzemy Was w podr\u00f3\u017c do miejsc, kt\u00f3re odkry\u0142y\u015bmy podczas naszej niesamowitej wyprawy. Znajdziecie tu nie tylko relacje z najciekawszych atrakcji, ale tak\u017ce nasze ulubione miejsca, gdzie spa\u0142y\u015bmy, jad\u0142y\u015bmy i cieszy\u0142y\u015bmy si\u0119 ka\u017cd\u0105 chwil\u0105 \ud83c\udf34<\/p>\n<h5><\/h5>\n<h5>Co znajdziecie w eBooku? \u2600\ufe0f<\/h5>\n<p><strong>Ciekawe miejsca:<\/strong> Nasze ulubione lokalizacje, kt\u00f3re koniecznie musicie odwiedzi\u0107!<\/p>\n<p><strong>Gdzie spa\u0142y\u015bmy:<\/strong> Recenzje hoteli i pensjonat\u00f3w, kt\u00f3re sprawi\u0142y, \u017ce nasza podr\u00f3\u017c by\u0142a jeszcze bardziej wyj\u0105tkowa.<\/p>\n<p><strong>Gdzie jad\u0142y\u015bmy:<\/strong> Najlepsze restauracje i kawiarnie, kt\u00f3re podbi\u0142y nasze serca (i podniebienia!)<\/p>\n<p><strong>Pro Tipy:<\/strong> Sprawdzone porady, kt\u00f3re u\u0142atwi\u0105 Wam planowanie w\u0142asnych przyg\u00f3d<\/p>\n<p>&nbsp;<\/p>\n<h5>Przygotujcie si\u0119 na inspiracj\u0119 i odkrywanie nowych miejsc! Czas wyruszy\u0107 w niezapomnian\u0105 podr\u00f3\u017c razem z nami! \u2600\ufe0f<\/h5>","protected":false},"featured_media":23137,"comment_status":"open","ping_status":"closed","template":"","meta":[],"product_brand":[],"product_cat":[236],"product_tag":[310,311,312],"class_list":{"0":"post-23135","1":"product","2":"type-product","3":"status-publish","4":"has-post-thumbnail","6":"product_cat-ebooki","7":"product_tag-dwie-takie","8":"product_tag-ebook","9":"product_tag-tajlandia","11":"first","12":"instock","13":"downloadable","14":"shipping-taxable","15":"purchasable","16":"product-type-simple","17":"add-to-wishlist-after_add_to_cart"},"jetpack_sharing_enabled":true,"_links":{"self":[{"href":"https:\/\/l-vibes.pl\/en\/wp-json\/wp\/v2\/product\/23135","targetHints":{"allow":["GET"]}}],"collection":[{"href":"https:\/\/l-vibes.pl\/en\/wp-json\/wp\/v2\/product"}],"about":[{"href":"https:\/\/l-vibes.pl\/en\/wp-json\/wp\/v2\/types\/product"}],"replies":[{"embeddable":true,"href":"https:\/\/l-vibes.pl\/en\/wp-json\/wp\/v2\/comments?post=23135"}],"wp:featuredmedia":[{"embeddable":true,"href":"https:\/\/l-vibes.pl\/en\/wp-json\/wp\/v2\/media\/23137"}],"wp:attachment":[{"href":"https:\/\/l-vibes.pl\/en\/wp-json\/wp\/v2\/media?parent=23135"}],"wp:term":[{"taxonomy":"product_brand","embeddable":true,"href":"https:\/\/l-vibes.pl\/en\/wp-json\/wp\/v2\/product_brand?post=23135"},{"taxonomy":"product_cat","embeddable":true,"href":"https:\/\/l-vibes.pl\/en\/wp-json\/wp\/v2\/product_cat?post=23135"},{"taxonomy":"product_tag","embeddable":true,"href":"https:\/\/l-vibes.pl\/en\/wp-json\/wp\/v2\/product_tag?post=23135"}],"curies":[{"name":"wp","href":"https:\/\/api.w.org\/{rel}","templated":true}]}}