{"id":23308,"date":"2024-09-01T02:18:27","date_gmt":"2024-09-01T00:18:27","guid":{"rendered":"https:\/\/l-vibes.pl\/?post_type=product&#038;p=23308"},"modified":"2025-06-08T18:01:30","modified_gmt":"2025-06-08T16:01:30","slug":"lez-be-friends-pink","status":"publish","type":"product","link":"https:\/\/l-vibes.pl\/en\/product\/lez-be-friends-pink\/","title":{"rendered":"Lez Be Friends PINK"},"content":{"rendered":"","protected":false},"excerpt":{"rendered":"<p>Podkre\u015bl swoj\u0105 otwarto\u015b\u0107 i rado\u015b\u0107 z \u017cycia z nasz\u0105 bia\u0142\u0105 koszulk\u0105 \u201eLez Be Friends\u201d! Z przodu znajdziesz wyrazisty napis, a z ty\u0142u pi\u0119kn\u0105 grafik\u0119 dw\u00f3ch ca\u0142uj\u0105cych si\u0119 dziewczyn w r\u00f3\u017cowym kolorze, kt\u00f3re dodaj\u0105 jej wyj\u0105tkowego charakteru.<\/p>\n<p>&nbsp;<\/p>\n<h5>Why?<\/h5>\n<p><strong>Inspiruj\u0105ce przes\u0142anie:<\/strong> Napis \u201eLez Be Friends\u201d promuje mi\u0142o\u015b\u0107, przyja\u017a\u0144 i akceptacj\u0119.<\/p>\n<p><strong>Artystyczny design:<\/strong> Unikalna grafika z linii na plecach przyci\u0105ga wzrok i dodaje oryginalno\u015bci.<\/p>\n<p><strong>Uniwersalno\u015b\u0107:<\/strong> Idealna do codziennych stylizacji, na spotkania ze znajomymi czy na letnie wypady.<\/p>\n<p>&nbsp;<\/p>\n<h5>Nie czekaj \u2013 zam\u00f3w swoj\u0105 koszulk\u0119 \u201eLez Be Friends\u201d ju\u017c dzi\u015b i \u015bwi\u0119tuj mi\u0142o\u015b\u0107 oraz przyja\u017a\u0144 w wyj\u0105tkowy spos\u00f3b!<\/h5>\n<h5><strong style=\"font-size: 16px;\">Sk\u0142ad:<\/strong><\/h5>\n<p>100% z wysokogatunkowej bawe\u0142ny<\/p>\n<p>wysoka gramatura 190g<\/p>\n<p>&nbsp;<\/p>\n<p>&nbsp;<\/p>\n<h5><strong>WYMIARY:<\/strong><\/h5>\n<p>S<\/p>\n<p>D\u0142ugo\u015b\u0107 ca\u0142kowita &#8211; 70cm<\/p>\n<p>Szeroko\u015b\u0107 pod pachami &#8211; 51cm<\/p>\n<p>&nbsp;<\/p>\n<p>M<\/p>\n<p>D\u0142ugo\u015b\u0107 ca\u0142kowita &#8211; 72cm<\/p>\n<p>Szeroko\u015b\u0107 pod pachami &#8211; 53cm<\/p>\n<p>&nbsp;<\/p>\n<p>L<\/p>\n<p>D\u0142ugo\u015b\u0107 ca\u0142kowita &#8211; 74cm<\/p>\n<p>Szeroko\u015b\u0107 pod pachami &#8211; 56cm<\/p>\n<p>&nbsp;<\/p>\n<p>XL<\/p>\n<p>D\u0142ugo\u015b\u0107 ca\u0142kowita &#8211; 76cm<\/p>\n<p>Szeroko\u015b\u0107 pod pachami &#8211; 58cm<\/p>\n<p>&nbsp;<\/p>\n<h4><strong>ORDER PROCESSING TIME 7-14 DAYS<\/strong><\/h4>","protected":false},"featured_media":23313,"comment_status":"open","ping_status":"closed","template":"","meta":[],"product_brand":[],"product_cat":[177],"product_tag":[],"class_list":{"0":"post-23308","1":"product","2":"type-product","3":"status-publish","4":"has-post-thumbnail","6":"product_cat-t-shirty","8":"first","9":"instock","10":"shipping-taxable","11":"purchasable","12":"product-type-variable","13":"add-to-wishlist-after_add_to_cart"},"jetpack_sharing_enabled":true,"_links":{"self":[{"href":"https:\/\/l-vibes.pl\/en\/wp-json\/wp\/v2\/product\/23308","targetHints":{"allow":["GET"]}}],"collection":[{"href":"https:\/\/l-vibes.pl\/en\/wp-json\/wp\/v2\/product"}],"about":[{"href":"https:\/\/l-vibes.pl\/en\/wp-json\/wp\/v2\/types\/product"}],"replies":[{"embeddable":true,"href":"https:\/\/l-vibes.pl\/en\/wp-json\/wp\/v2\/comments?post=23308"}],"wp:featuredmedia":[{"embeddable":true,"href":"https:\/\/l-vibes.pl\/en\/wp-json\/wp\/v2\/media\/23313"}],"wp:attachment":[{"href":"https:\/\/l-vibes.pl\/en\/wp-json\/wp\/v2\/media?parent=23308"}],"wp:term":[{"taxonomy":"product_brand","embeddable":true,"href":"https:\/\/l-vibes.pl\/en\/wp-json\/wp\/v2\/product_brand?post=23308"},{"taxonomy":"product_cat","embeddable":true,"href":"https:\/\/l-vibes.pl\/en\/wp-json\/wp\/v2\/product_cat?post=23308"},{"taxonomy":"product_tag","embeddable":true,"href":"https:\/\/l-vibes.pl\/en\/wp-json\/wp\/v2\/product_tag?post=23308"}],"curies":[{"name":"wp","href":"https:\/\/api.w.org\/{rel}","templated":true}]}}