{"id":23504,"date":"2024-08-27T21:17:54","date_gmt":"2024-08-27T19:17:54","guid":{"rendered":"https:\/\/l-vibes.pl\/?post_type=product&#038;p=23504"},"modified":"2025-03-29T13:26:04","modified_gmt":"2025-03-29T12:26:04","slug":"torba-marilyn-monroe-duza","status":"publish","type":"product","link":"https:\/\/l-vibes.pl\/en\/product\/torba-marilyn-monroe-duza\/","title":{"rendered":"Torba &#8220;Marilyn Monroe&#8221; Du\u017ca"},"content":{"rendered":"","protected":false},"excerpt":{"rendered":"<p>Wprowad\u017a kolor i pozytywne przes\u0142anie do swojego codziennego \u017cycia z nasz\u0105 du\u017c\u0105 torb\u0105 \u201eMarilyn Monroe\u201d!<\/p>\n<p>&nbsp;<\/p>\n<h5>Why?<\/h5>\n<p><strong>Du\u017ca pojemno\u015b\u0107:<\/strong> Idealna do codziennych zakup\u00f3w, na pla\u017c\u0119 czy jako torba na trening \u2013 pomie\u015bci wszystko, czego potrzebujesz!<\/p>\n<p><strong>Wytrzyma\u0142y materia\u0142:<\/strong> Wykonana z wysokiej jako\u015bci materia\u0142\u00f3w, zapewnia d\u0142ugotrwa\u0142e u\u017cytkowanie.<\/p>\n<p><strong>Stylowy design:<\/strong> Obustronny print przestawiaj\u0105cy Marilyn Monroe przyci\u0105ga wzrok i dodaje charakteru ka\u017cdej stylizacji.<\/p>\n<p>&nbsp;<\/p>\n<h5>Nie czekaj \u2013 zam\u00f3w swoj\u0105 torb\u0119 \u201eMarilyn Monroe\u201d ju\u017c dzi\u015b i no\u015b ze sob\u0105 t\u0119 wyj\u0105tkow\u0105 grafik\u0119 wsz\u0119dzie, gdzie si\u0119 udasz!<\/h5>\n<p>&nbsp;<\/p>\n<p><strong>Fabric:<\/strong><\/p>\n<p>100% bawe\u0142na<\/p>\n<p>&nbsp;<\/p>\n<p><strong>Rozmiar:<\/strong><\/p>\n<p>56 x 41 x 16 cm<\/p>","protected":false},"featured_media":23505,"comment_status":"open","ping_status":"closed","template":"","meta":[],"product_brand":[],"product_cat":[178],"product_tag":[334,335,285],"class_list":{"0":"post-23504","1":"product","2":"type-product","3":"status-publish","4":"has-post-thumbnail","6":"product_cat-torby","7":"product_tag-marilyn-monroe","8":"product_tag-monroe","9":"product_tag-torba","11":"first","12":"instock","13":"sale","14":"shipping-taxable","15":"purchasable","16":"product-type-simple","17":"add-to-wishlist-after_add_to_cart"},"jetpack_sharing_enabled":true,"_links":{"self":[{"href":"https:\/\/l-vibes.pl\/en\/wp-json\/wp\/v2\/product\/23504","targetHints":{"allow":["GET"]}}],"collection":[{"href":"https:\/\/l-vibes.pl\/en\/wp-json\/wp\/v2\/product"}],"about":[{"href":"https:\/\/l-vibes.pl\/en\/wp-json\/wp\/v2\/types\/product"}],"replies":[{"embeddable":true,"href":"https:\/\/l-vibes.pl\/en\/wp-json\/wp\/v2\/comments?post=23504"}],"wp:featuredmedia":[{"embeddable":true,"href":"https:\/\/l-vibes.pl\/en\/wp-json\/wp\/v2\/media\/23505"}],"wp:attachment":[{"href":"https:\/\/l-vibes.pl\/en\/wp-json\/wp\/v2\/media?parent=23504"}],"wp:term":[{"taxonomy":"product_brand","embeddable":true,"href":"https:\/\/l-vibes.pl\/en\/wp-json\/wp\/v2\/product_brand?post=23504"},{"taxonomy":"product_cat","embeddable":true,"href":"https:\/\/l-vibes.pl\/en\/wp-json\/wp\/v2\/product_cat?post=23504"},{"taxonomy":"product_tag","embeddable":true,"href":"https:\/\/l-vibes.pl\/en\/wp-json\/wp\/v2\/product_tag?post=23504"}],"curies":[{"name":"wp","href":"https:\/\/api.w.org\/{rel}","templated":true}]}}