{"id":23729,"date":"2024-09-01T00:41:39","date_gmt":"2024-08-31T22:41:39","guid":{"rendered":"https:\/\/l-vibes.pl\/?post_type=product&#038;p=23729"},"modified":"2025-03-26T21:34:38","modified_gmt":"2025-03-26T20:34:38","slug":"chodz-potuptac","status":"publish","type":"product","link":"https:\/\/l-vibes.pl\/en\/product\/chodz-potuptac\/","title":{"rendered":"Chod\u017a Potupta\u0107"},"content":{"rendered":"","protected":false},"excerpt":{"rendered":"<p>Podkre\u015bl swoj\u0105 determinacj\u0119 i styl z nasz\u0105 bia\u0142\u0105 lub czarn\u0105 bluzk\u0105 z napisem \u201eChod\u017a Potupta\u0107\u201d!<\/p>\n<p>&nbsp;<\/p>\n<h5>Why?<\/h5>\n<p><strong>Stylowy design:<\/strong> Klasyczna biel lub czer\u0144 w po\u0142\u0105czeniu ze stylowym napisem dodaje bluzce wyj\u0105tkowego uroku.<\/p>\n<p><strong>Wszechstronno\u015b\u0107:<\/strong> Doskona\u0142a do codziennych stylizacji, na treningi czy spotkania ze znajomymi.<\/p>\n<p>&nbsp;<\/p>\n<h5>Nie czekaj \u2013 zam\u00f3w swoj\u0105 bluzk\u0119 \u201eChod\u017a Potupta\u0107\u201d ju\u017c dzi\u015b i poka\u017c \u015bwiatu sw\u00f3j oryginalny styl!<\/h5>\n<p><strong>Sk\u0142ad:<\/strong><\/p>\n<p>100% z wysokogatunkowej bawe\u0142ny<\/p>\n<p>wysoka gramatura 190g<\/p>\n<p>&nbsp;<\/p>\n<p><strong>WYMIARY:<\/strong><\/p>\n<p>S<\/p>\n<p>D\u0142ugo\u015b\u0107 ca\u0142kowita &#8211; 70cm<\/p>\n<p>Szeroko\u015b\u0107 pod pachami &#8211; 51cm<\/p>\n<p>&nbsp;<\/p>\n<p>M<\/p>\n<p>D\u0142ugo\u015b\u0107 ca\u0142kowita &#8211; 72cm<\/p>\n<p>Szeroko\u015b\u0107 pod pachami &#8211; 53cm<\/p>\n<p>&nbsp;<\/p>\n<p>L<\/p>\n<p>D\u0142ugo\u015b\u0107 ca\u0142kowita &#8211; 74cm<\/p>\n<p>Szeroko\u015b\u0107 pod pachami &#8211; 56cm<\/p>\n<p>&nbsp;<\/p>\n<p>XL<\/p>\n<p>D\u0142ugo\u015b\u0107 ca\u0142kowita &#8211; 76cm<\/p>\n<p>Szeroko\u015b\u0107 pod pachami &#8211; 58cm<\/p>\n<h4><\/h4>\n<h4><strong>ORDER PROCESSING TIME 7-14 DAYS<\/strong><\/h4>","protected":false},"featured_media":23740,"comment_status":"open","ping_status":"closed","template":"","meta":[],"product_brand":[],"product_cat":[177],"product_tag":[332,292,341,290,331],"class_list":{"0":"post-23729","1":"product","2":"type-product","3":"status-publish","4":"has-post-thumbnail","6":"product_cat-t-shirty","7":"product_tag-black","8":"product_tag-bluzka","9":"product_tag-potuptac","10":"product_tag-t-shirt","11":"product_tag-white","13":"first","14":"instock","15":"shipping-taxable","16":"purchasable","17":"product-type-variable","18":"add-to-wishlist-after_add_to_cart"},"jetpack_sharing_enabled":true,"_links":{"self":[{"href":"https:\/\/l-vibes.pl\/en\/wp-json\/wp\/v2\/product\/23729","targetHints":{"allow":["GET"]}}],"collection":[{"href":"https:\/\/l-vibes.pl\/en\/wp-json\/wp\/v2\/product"}],"about":[{"href":"https:\/\/l-vibes.pl\/en\/wp-json\/wp\/v2\/types\/product"}],"replies":[{"embeddable":true,"href":"https:\/\/l-vibes.pl\/en\/wp-json\/wp\/v2\/comments?post=23729"}],"wp:featuredmedia":[{"embeddable":true,"href":"https:\/\/l-vibes.pl\/en\/wp-json\/wp\/v2\/media\/23740"}],"wp:attachment":[{"href":"https:\/\/l-vibes.pl\/en\/wp-json\/wp\/v2\/media?parent=23729"}],"wp:term":[{"taxonomy":"product_brand","embeddable":true,"href":"https:\/\/l-vibes.pl\/en\/wp-json\/wp\/v2\/product_brand?post=23729"},{"taxonomy":"product_cat","embeddable":true,"href":"https:\/\/l-vibes.pl\/en\/wp-json\/wp\/v2\/product_cat?post=23729"},{"taxonomy":"product_tag","embeddable":true,"href":"https:\/\/l-vibes.pl\/en\/wp-json\/wp\/v2\/product_tag?post=23729"}],"curies":[{"name":"wp","href":"https:\/\/api.w.org\/{rel}","templated":true}]}}