{"id":23934,"date":"2025-05-08T02:05:39","date_gmt":"2025-05-08T00:05:39","guid":{"rendered":"https:\/\/l-vibes.pl\/?post_type=product&#038;p=23934"},"modified":"2025-05-08T02:07:43","modified_gmt":"2025-05-08T00:07:43","slug":"bluza-i-like-girls-black","status":"publish","type":"product","link":"https:\/\/l-vibes.pl\/en\/product\/bluza-i-like-girls-black\/","title":{"rendered":"Bluza I Like Girls BLACK"},"content":{"rendered":"","protected":false},"excerpt":{"rendered":"<p>Bluza dresowa wykonana z ciep\u0142ej, mi\u0119kkiej i przyjemnej w dotyku tkaniny. Idealna na wieczory. Wykonana z mi\u0142o\u015bci\u0105 i dba\u0142o\u015bci\u0105 o ka\u017cdy szczeg\u00f3\u0142.<\/p>\n<p>&nbsp;<\/p>\n<p><strong>Fabric:<\/strong> 65% cotton, 35% polyester<\/p>\n<p>&nbsp;<\/p>\n<p>Pami\u0119taj, \u017ceby oznaczy\u0107 nas na Instagramie <strong>@l_shopgirls<\/strong> , aby inni te\u017c wiedzieli, sk\u0105d masz tak\u0105 fajn\u0105 bluz\u0119!<\/p>\n<p>&nbsp;<\/p>\n<p>Rozmiary naszych bluz:<\/p>\n<p>XS &#8211; szeroko\u015b\u0107 &#8211; 52cm, d\u0142ugo\u015b\u0107 &#8211; 67cm<\/p>\n<p>S &#8211; szeroko\u015b\u0107 &#8211; 54cm, d\u0142ugo\u015b\u0107 &#8211; 69cm<\/p>\n<p>M &#8211; szeroko\u015b\u0107 &#8211; 56cm, d\u0142ugo\u015b\u0107 &#8211; 70cm<\/p>\n<p>L &#8211; szeroko\u015b\u0107 &#8211; 58cm, d\u0142ugo\u015b\u0107 &#8211; 71cm<\/p>\n<p>XL &#8211; szeroko\u015b\u0107 &#8211; 60cm, d\u0142ugo\u015b\u0107 &#8211; 72m<\/p>\n<p>2XL &#8211; szeroko\u015b\u0107 &#8211; 62cm, d\u0142ugo\u015b\u0107 &#8211; 74cm<\/p>\n<p>&nbsp;<\/p>\n<p><strong>ORDER PROCESSING TIME 7-14 DAYS<\/strong><\/p>","protected":false},"featured_media":23940,"comment_status":"open","ping_status":"closed","template":"","meta":[],"product_brand":[],"product_cat":[235,342],"product_tag":[332,304,295,343],"class_list":{"0":"post-23934","1":"product","2":"type-product","3":"status-publish","4":"has-post-thumbnail","6":"product_cat-bluzy","7":"product_cat-pride","8":"product_tag-black","9":"product_tag-bluza","10":"product_tag-i-like-girls","11":"product_tag-pride","13":"first","14":"instock","15":"shipping-taxable","16":"purchasable","17":"product-type-variable","18":"add-to-wishlist-after_add_to_cart"},"jetpack_sharing_enabled":true,"_links":{"self":[{"href":"https:\/\/l-vibes.pl\/en\/wp-json\/wp\/v2\/product\/23934","targetHints":{"allow":["GET"]}}],"collection":[{"href":"https:\/\/l-vibes.pl\/en\/wp-json\/wp\/v2\/product"}],"about":[{"href":"https:\/\/l-vibes.pl\/en\/wp-json\/wp\/v2\/types\/product"}],"replies":[{"embeddable":true,"href":"https:\/\/l-vibes.pl\/en\/wp-json\/wp\/v2\/comments?post=23934"}],"wp:featuredmedia":[{"embeddable":true,"href":"https:\/\/l-vibes.pl\/en\/wp-json\/wp\/v2\/media\/23940"}],"wp:attachment":[{"href":"https:\/\/l-vibes.pl\/en\/wp-json\/wp\/v2\/media?parent=23934"}],"wp:term":[{"taxonomy":"product_brand","embeddable":true,"href":"https:\/\/l-vibes.pl\/en\/wp-json\/wp\/v2\/product_brand?post=23934"},{"taxonomy":"product_cat","embeddable":true,"href":"https:\/\/l-vibes.pl\/en\/wp-json\/wp\/v2\/product_cat?post=23934"},{"taxonomy":"product_tag","embeddable":true,"href":"https:\/\/l-vibes.pl\/en\/wp-json\/wp\/v2\/product_tag?post=23934"}],"curies":[{"name":"wp","href":"https:\/\/api.w.org\/{rel}","templated":true}]}}