{"id":23948,"date":"2025-05-08T02:12:07","date_gmt":"2025-05-08T00:12:07","guid":{"rendered":"https:\/\/l-vibes.pl\/?post_type=product&#038;p=23948"},"modified":"2025-05-08T02:23:14","modified_gmt":"2025-05-08T00:23:14","slug":"teczowy-piorun","status":"publish","type":"product","link":"https:\/\/l-vibes.pl\/en\/product\/teczowy-piorun\/","title":{"rendered":"T\u0119czowy Piorun"},"content":{"rendered":"","protected":false},"excerpt":{"rendered":"<p>Wyra\u017a swoj\u0105 osobowo\u015b\u0107 i przekonania z nasz\u0105 czarn\u0105 koszulk\u0105 z t\u0119czowym piorunem! Ten stylowy model to doskona\u0142y spos\u00f3b na manifestacj\u0119 swojego stylu i wsparcie dla r\u00f3\u017cnorodno\u015bci.<\/p>\n<p>&nbsp;<\/p>\n<h5>Why?<\/h5>\n<p><strong>Mocne przes\u0142anie:<\/strong> T\u0119czowy piorun jest afirmacj\u0105 mi\u0142o\u015bci i akceptacji.<\/p>\n<p><strong>Stylowy design:<\/strong> Klasyczna czer\u0144 w po\u0142\u0105czeniu z t\u0119czowym wzorem sprawia, \u017ce koszulka wyr\u00f3\u017cnia si\u0119 w t\u0142umie.<\/p>\n<p><strong>Wszechstronno\u015b\u0107:<\/strong> Idealna do codziennych stylizacji, na spotkania ze znajomymi czy podczas relaksu.<\/p>\n<p>&nbsp;<\/p>\n<h5>Nie zwlekaj \u2013 zam\u00f3w swoj\u0105 koszulk\u0119 ju\u017c dzi\u015b i poka\u017c \u015bwiatu, kim jeste\u015b!<\/h5>\n<p><strong>Sk\u0142ad:<\/strong><\/p>\n<p>100% z wysokogatunkowej bawe\u0142ny<\/p>\n<p>gramatura 145g<\/p>\n<p>&nbsp;<\/p>\n<p><strong>WYMIARY:<\/strong><\/p>\n<p>S<\/p>\n<p>D\u0142ugo\u015b\u0107 ca\u0142kowita &#8211; 70cm<\/p>\n<p>Szeroko\u015b\u0107 pod pachami &#8211; 51cm<\/p>\n<p>&nbsp;<\/p>\n<p>M<\/p>\n<p>D\u0142ugo\u015b\u0107 ca\u0142kowita &#8211; 72cm<\/p>\n<p>Szeroko\u015b\u0107 pod pachami &#8211; 53cm<\/p>\n<p>&nbsp;<\/p>\n<p>L<\/p>\n<p>D\u0142ugo\u015b\u0107 ca\u0142kowita &#8211; 74cm<\/p>\n<p>Szeroko\u015b\u0107 pod pachami &#8211; 56cm<\/p>\n<p>&nbsp;<\/p>\n<p>XL<\/p>\n<p>D\u0142ugo\u015b\u0107 ca\u0142kowita &#8211; 76cm<\/p>\n<p>Szeroko\u015b\u0107 pod pachami &#8211; 58cm<\/p>\n<h4><strong><br \/>\nORDER PROCESSING TIME 7-14 DAYS<\/strong><\/h4>","protected":false},"featured_media":23954,"comment_status":"open","ping_status":"closed","template":"","meta":[],"product_brand":[],"product_cat":[342,177],"product_tag":[332,292,345,290],"class_list":{"0":"post-23948","1":"product","2":"type-product","3":"status-publish","4":"has-post-thumbnail","6":"product_cat-pride","7":"product_cat-t-shirty","8":"product_tag-black","9":"product_tag-bluzka","10":"product_tag-piorun","11":"product_tag-t-shirt","13":"first","14":"instock","15":"shipping-taxable","16":"purchasable","17":"product-type-variable","18":"add-to-wishlist-after_add_to_cart"},"jetpack_sharing_enabled":true,"_links":{"self":[{"href":"https:\/\/l-vibes.pl\/en\/wp-json\/wp\/v2\/product\/23948","targetHints":{"allow":["GET"]}}],"collection":[{"href":"https:\/\/l-vibes.pl\/en\/wp-json\/wp\/v2\/product"}],"about":[{"href":"https:\/\/l-vibes.pl\/en\/wp-json\/wp\/v2\/types\/product"}],"replies":[{"embeddable":true,"href":"https:\/\/l-vibes.pl\/en\/wp-json\/wp\/v2\/comments?post=23948"}],"wp:featuredmedia":[{"embeddable":true,"href":"https:\/\/l-vibes.pl\/en\/wp-json\/wp\/v2\/media\/23954"}],"wp:attachment":[{"href":"https:\/\/l-vibes.pl\/en\/wp-json\/wp\/v2\/media?parent=23948"}],"wp:term":[{"taxonomy":"product_brand","embeddable":true,"href":"https:\/\/l-vibes.pl\/en\/wp-json\/wp\/v2\/product_brand?post=23948"},{"taxonomy":"product_cat","embeddable":true,"href":"https:\/\/l-vibes.pl\/en\/wp-json\/wp\/v2\/product_cat?post=23948"},{"taxonomy":"product_tag","embeddable":true,"href":"https:\/\/l-vibes.pl\/en\/wp-json\/wp\/v2\/product_tag?post=23948"}],"curies":[{"name":"wp","href":"https:\/\/api.w.org\/{rel}","templated":true}]}}